{"id":3,"date":"2023-11-25T18:11:33","date_gmt":"2023-11-25T18:11:33","guid":{"rendered":"http:\/\/ahjo.media\/?page_id=3"},"modified":"2023-12-03T22:34:45","modified_gmt":"2023-12-03T20:34:45","slug":"privacy-policy","status":"publish","type":"page","link":"https:\/\/ahjo.media\/index.php\/privacy-policy\/","title":{"rendered":"Rekisteri- ja tietosuojaseloste"},"content":{"rendered":"\n<div class=\"wp-block-cover alignfull dark-to-norm\" style=\"border-bottom-color:var(--wp--preset--color--contrast-3);border-bottom-width:1px;padding-top:var(--wp--preset--spacing--40);padding-bottom:var(--wp--preset--spacing--40);min-height:348px;aspect-ratio:unset;\"><span aria-hidden=\"true\" class=\"wp-block-cover__background has-background-dim-100 has-background-dim wp-block-cover__gradient-background has-background-gradient\" style=\"background:linear-gradient(180deg,rgb(0,0,0) 0%,rgba(0,0,0,0.39) 19%)\"><\/span><img loading=\"lazy\" decoding=\"async\" width=\"1200\" height=\"524\" class=\"wp-block-cover__image-background wp-image-853\" alt=\"\" src=\"https:\/\/ahjo.media\/wp-content\/uploads\/2023\/12\/privStat_656784014-small.jpg\" data-object-fit=\"cover\" srcset=\"https:\/\/ahjo.media\/wp-content\/uploads\/2023\/12\/privStat_656784014-small.jpg 1200w, https:\/\/ahjo.media\/wp-content\/uploads\/2023\/12\/privStat_656784014-small-300x131.jpg 300w, https:\/\/ahjo.media\/wp-content\/uploads\/2023\/12\/privStat_656784014-small-1024x447.jpg 1024w, https:\/\/ahjo.media\/wp-content\/uploads\/2023\/12\/privStat_656784014-small-768x335.jpg 768w, https:\/\/ahjo.media\/wp-content\/uploads\/2023\/12\/privStat_656784014-small-600x262.jpg 600w\" sizes=\"auto, (max-width: 1200px) 100vw, 1200px\" \/><div class=\"wp-block-cover__inner-container has-global-padding is-layout-constrained wp-block-cover-is-layout-constrained\">\n<div style=\"height:0px\" aria-hidden=\"true\" class=\"wp-block-spacer\"><\/div>\n\n\n\n<h1 class=\"wp-block-heading\">Rekisteri- ja tietosuojaseloste<\/h1>\n\n\n\n<p>T\u00e4m\u00e4 on Ahjomedia Oy\u00a0EU:n yleisen tietosuoja-asetuksen (GDPR) mukainen rekisteri- ja tietosuojaseloste. Laadittu 1.12.2023. Viimeisin muutos 3.12.2023.\u00a0<\/p>\n\n\n\n<div style=\"height:50px\" aria-hidden=\"true\" class=\"wp-block-spacer\"><\/div>\n<\/div><\/div>\n\n\n\n<div style=\"height:6px\" aria-hidden=\"true\" class=\"wp-block-spacer\"><\/div>\n\n\n\n<h2 class=\"wp-block-heading\">1. Rekisterinpit\u00e4j\u00e4<\/h2>\n\n\n\n<p>Ahjomedia Oy, Rautatienkatu 15 L 5, 15110 LAHTI<\/p>\n\n\n\n<h2 class=\"wp-block-heading\"><p class=\"p1\" style=\"margin: 0px; font-variant-numeric: normal; font-variant-east-asian: normal; font-variant-alternates: normal; font-kerning: auto; font-optical-sizing: auto; font-feature-settings: normal; font-variation-settings: normal; font-variant-position: normal; font-stretch: normal; font-size: 11px; line-height: normal; font-family: &quot;Helvetica Neue&quot;; color: rgb(0, 0, 0); white-space-collapse: collapse;\"><\/p>2. Rekisterist\u00e4 vastaava yhteyshenkil\u00f6 ja tietosuojavastaava<\/h2>\n\n\n\n<p>Antti Haikonen, antti@ahjo.media, 045 633 1917<\/p>\n\n\n\n<h2 class=\"wp-block-heading\">3. Rekisterin nimi<\/h2>\n\n\n\n<p>Yrityksen asiakasrekisteri, markkinointirekisteri, sidosryhm\u00e4rekisteri, verkkopalvelun k\u00e4ytt\u00e4j\u00e4rekisteri.<\/p>\n\n\n\n<h2 class=\"wp-block-heading\">4. Oikeusperuste ja henkil\u00f6tietojen k\u00e4sittelyn tarkoitus<\/h2>\n\n\n\n<p>EU:n yleisen tietosuoja-asetuksen mukainen oikeusperuste henkil\u00f6tietojen k\u00e4sittelylle on- henkil\u00f6n suostumus (dokumentoitu, vapaaehtoinen, yksil\u00f6ity, tietoinen ja yksiselitteinen)Henkil\u00f6tietojen k\u00e4sittelyn tarkoitus on yhteydenpito asiakkaisiin, asiakassuhteen yll\u00e4pito ja markkinointiTietoja ei k\u00e4ytet\u00e4 automatisoituun p\u00e4\u00e4t\u00f6ksentekoon tai profilointiin.&nbsp;&nbsp;<\/p>\n\n\n\n<h2 class=\"wp-block-heading\">5. Rekisterin tietosis\u00e4lt\u00f6<\/h2>\n\n\n\n<p>Rekisteriin tallennettavia tietoja ovat: henkil\u00f6n nimi, asema, yritys\/organisaatio, yhteystiedot (puhelinnumero, s\u00e4hk\u00f6postiosoite, osoite), www-sivustojen osoitteet, tunnukset\/profiilit sosiaalisen median palveluissa, tiedot tilatuista palveluista ja niiden muutoksista, laskutustiedot, muut asiakassuhteeseen ja tilattuihin palveluihin liittyv\u00e4t tiedot. Verkkosivuston vierailijoiden IP-osoitteita ja palvelun toiminnoille v\u00e4ltt\u00e4m\u00e4tt\u00f6mi\u00e4 ev\u00e4steit\u00e4 k\u00e4sitell\u00e4\u00e4n oikeutetun edun perusteella mm. tietoturvasta huolehtimiseksi ja sivuston vierailijoiden tilastotietojen keruuta varten niiss\u00e4 tapauksissa, kun niiden voidaan katsoa olevan henkil\u00f6tietoja. Kolmansien osapuolten ev\u00e4steille pyydet\u00e4\u00e4n tarvittaessa suostumus erikseen.<\/p>\n\n\n\n<h2 class=\"wp-block-heading\">6. Tietojen s\u00e4\u00e4nn\u00f6nmukaiset luovutukset ja tietojen siirto EU:n tai ETA:n ulkopuolelle<\/h2>\n\n\n\n<p>Tietoja ei luovuteta s\u00e4\u00e4nn\u00f6nmukaisesti muille tahoille. Tietoja voidaan julkaista silt\u00e4 osin kuin niin on sovittu asiakkaan kanssa.<br>Tietoja voidaan siirt\u00e4\u00e4 rekisterinpit\u00e4j\u00e4n toimesta my\u00f6s EU:n tai ETA:n ulkopuolelle.&nbsp;Tietoja ei siirret\u00e4 Yhdysvaltoihin ilman rekister\u00f6ityjen nimenomaista suostumusta.<br>Mik\u00e4li luovutat henkil\u00f6tietoja eri tahoille, kerro t\u00e4ss\u00e4 mahdolliset vastaanottajat tai vastaanottajaryhm\u00e4t (my\u00f6s henkil\u00f6tietojen k\u00e4sittelij\u00e4t\/alihankkijat), niihin liittyv\u00e4t henkil\u00f6tietojen k\u00e4sittelyn tarkoitukset sek\u00e4 siirtoperusteet, jos tietoja siirret\u00e4\u00e4n EU:n ulkopuolelle.<\/p>\n\n\n\n<h2 class=\"wp-block-heading\">7. S\u00e4\u00e4nn\u00f6nmukaiset tietol\u00e4hteet<\/h2>\n\n\n\n<p>Rekisteriin tallennettavat tiedot saadaan asiakkaalta mm. www-lomakkeilla l\u00e4hetetyist\u00e4 viesteist\u00e4, s\u00e4hk\u00f6postitse, puhelimitse, sosiaalisen median palvelujen kautta, sopimuksista, asiakastapaamisista ja muista tilanteista, joissa asiakas luovuttaa tietojaan.Yritysten ja muiden organisaatioiden yhteyshenkil\u00f6iden tietoja voidaan ker\u00e4t\u00e4 my\u00f6s julkisista l\u00e4hteist\u00e4 kuten verkkosivuilta, hakemistopalveluista ja muilta yrityksilt\u00e4.<\/p>\n\n\n\n<h2 class=\"wp-block-heading\">8. Rekisterin suojauksen periaatteet<p class=\"p1\" style=\"margin: 0px; font-variant-numeric: normal; font-variant-east-asian: normal; font-variant-alternates: normal; font-kerning: auto; font-optical-sizing: auto; font-feature-settings: normal; font-variation-settings: normal; font-variant-position: normal; font-stretch: normal; font-size: 11px; line-height: normal; font-family: &quot;Helvetica Neue&quot;; color: rgb(0, 0, 0); white-space-collapse: collapse;\">\u00a0<\/p><p class=\"p2\" style=\"margin: 0px; font-variant-numeric: normal; font-variant-east-asian: normal; font-variant-alternates: normal; font-kerning: auto; font-optical-sizing: auto; font-feature-settings: normal; font-variation-settings: normal; font-variant-position: normal; font-stretch: normal; font-size: 18px; line-height: normal; font-family: &quot;Helvetica Neue&quot;; color: rgb(0, 0, 0); white-space-collapse: collapse;\"><\/p><\/h2>\n\n\n\n<p>Rekisterin k\u00e4sittelyss\u00e4 noudatetaan huolellisuutta ja tietoj\u00e4rjestelmien avulla k\u00e4sitelt\u00e4v\u00e4t tiedot suojataan asianmukaisesti. Kun rekisteritietoja s\u00e4ilytet\u00e4\u00e4n Internet-palvelimilla, niiden laitteiston fyysisest\u00e4 ja digitaalisesta tietoturvasta huolehditaan asiaankuuluvasti. Rekisterinpit\u00e4j\u00e4 huolehtii siit\u00e4, ett\u00e4 tallennettuja tietoja sek\u00e4 palvelimien k\u00e4ytt\u00f6oikeuksia ja muita henkil\u00f6tietojen turvallisuuden kannalta kriittisi\u00e4 tietoja k\u00e4sitell\u00e4\u00e4n luottamuksellisesti ja vain niiden ty\u00f6ntekij\u00f6iden toimesta, joiden ty\u00f6nkuvaan se kuuluu.<\/p>\n\n\n\n<h2 class=\"wp-block-heading\">9. Tarkastusoikeus ja oikeus vaatia tiedon korjaamista<p class=\"p1\" style=\"margin: 0px; font-variant-numeric: normal; font-variant-east-asian: normal; font-variant-alternates: normal; font-kerning: auto; font-optical-sizing: auto; font-feature-settings: normal; font-variation-settings: normal; font-variant-position: normal; font-stretch: normal; font-size: 11px; line-height: normal; font-family: &quot;Helvetica Neue&quot;; color: rgb(0, 0, 0); white-space-collapse: collapse;\">\u00a0<\/p><p class=\"p2\" style=\"margin: 0px; font-variant-numeric: normal; font-variant-east-asian: normal; font-variant-alternates: normal; font-kerning: auto; font-optical-sizing: auto; font-feature-settings: normal; font-variation-settings: normal; font-variant-position: normal; font-stretch: normal; font-size: 18px; line-height: normal; font-family: &quot;Helvetica Neue&quot;; color: rgb(0, 0, 0); white-space-collapse: collapse;\"><\/p><\/h2>\n\n\n\n<p>Jokaisella rekisteriss\u00e4 olevalla henkil\u00f6ll\u00e4 on oikeus tarkistaa rekisteriin tallennetut tietonsa ja vaatia mahdollisen virheellisen tiedon korjaamista tai puutteellisen tiedon t\u00e4ydent\u00e4mist\u00e4. Mik\u00e4li henkil\u00f6 haluaa tarkistaa h\u00e4nest\u00e4 tallennetut tiedot tai vaatia niihin oikaisua, pyynt\u00f6 tulee l\u00e4hett\u00e4\u00e4 kirjallisesti&nbsp;rekisterinpit\u00e4j\u00e4lle. Rekisterinpit\u00e4j\u00e4 voi pyyt\u00e4\u00e4 tarvittaessa pyynn\u00f6n esitt\u00e4j\u00e4\u00e4 todistamaan henkil\u00f6llisyytens\u00e4. Rekisterinpit\u00e4j\u00e4 vastaa asiakkaalle EU:n tietosuoja-asetuksessa s\u00e4\u00e4detyss\u00e4 ajassa (p\u00e4\u00e4s\u00e4\u00e4nt\u00f6isesti kuukauden kuluessa).<\/p>\n\n\n\n<h2 class=\"wp-block-heading\">10. Muut henkil\u00f6tietojen k\u00e4sittelyyn liittyv\u00e4t oikeudet<p class=\"p1\" style=\"margin: 0px; font-variant-numeric: normal; font-variant-east-asian: normal; font-variant-alternates: normal; font-kerning: auto; font-optical-sizing: auto; font-feature-settings: normal; font-variation-settings: normal; font-variant-position: normal; font-stretch: normal; font-size: 11px; line-height: normal; font-family: &quot;Helvetica Neue&quot;; color: rgb(0, 0, 0); white-space-collapse: collapse;\">\u00a0<\/p><p class=\"p2\" style=\"margin: 0px; font-variant-numeric: normal; font-variant-east-asian: normal; font-variant-alternates: normal; font-kerning: auto; font-optical-sizing: auto; font-feature-settings: normal; font-variation-settings: normal; font-variant-position: normal; font-stretch: normal; font-size: 18px; line-height: normal; font-family: &quot;Helvetica Neue&quot;; color: rgb(0, 0, 0); white-space-collapse: collapse;\"><\/p><\/h2>\n\n\n\n<p>Rekisteriss\u00e4 olevalla henkil\u00f6ll\u00e4 on oikeus pyyt\u00e4\u00e4 h\u00e4nt\u00e4 koskevien henkil\u00f6tietojen poistamiseen rekisterist\u00e4 (&#8221;oikeus tulla unohdetuksi&#8221;). Niin ik\u00e4\u00e4n rekister\u00f6idyill\u00e4 on muut EU:n yleisen tietosuoja-asetuksen mukaiset oikeudet&nbsp;kuten henkil\u00f6tietojen k\u00e4sittelyn rajoittaminen tietyiss\u00e4 tilanteissa. Pyynn\u00f6t tulee l\u00e4hett\u00e4\u00e4 kirjallisesti&nbsp;rekisterinpit\u00e4j\u00e4lle. Rekisterinpit\u00e4j\u00e4 voi pyyt\u00e4\u00e4 tarvittaessa pyynn\u00f6n esitt\u00e4j\u00e4\u00e4 todistamaan henkil\u00f6llisyytens\u00e4. Rekisterinpit\u00e4j\u00e4 vastaa asiakkaalle EU:n tietosuoja-asetuksessa s\u00e4\u00e4detyss\u00e4 ajassa (p\u00e4\u00e4s\u00e4\u00e4nt\u00f6isesti kuukauden kuluessa).&nbsp;<\/p>\n\n\n\n<div style=\"height:57px\" aria-hidden=\"true\" class=\"wp-block-spacer\"><\/div>\n","protected":false},"excerpt":{"rendered":"<p>1. Rekisterinpit\u00e4j\u00e4 Ahjomedia Oy, Rautatienkatu 15 L 5, 15110 LAHTI 2. Rekisterist\u00e4 vastaava yhteyshenkil\u00f6 ja tietosuojavastaava Antti Haikonen, antti@ahjo.media, 045 633 1917 3. Rekisterin nimi Yrityksen asiakasrekisteri, markkinointirekisteri, sidosryhm\u00e4rekisteri, verkkopalvelun k\u00e4ytt\u00e4j\u00e4rekisteri. 4. Oikeusperuste ja henkil\u00f6tietojen k\u00e4sittelyn tarkoitus EU:n yleisen tietosuoja-asetuksen mukainen oikeusperuste henkil\u00f6tietojen k\u00e4sittelylle on- henkil\u00f6n suostumus (dokumentoitu, vapaaehtoinen, yksil\u00f6ity, tietoinen ja yksiselitteinen)Henkil\u00f6tietojen k\u00e4sittelyn tarkoitus [&hellip;]<\/p>\n","protected":false},"author":1,"featured_media":0,"parent":0,"menu_order":0,"comment_status":"closed","ping_status":"open","template":"page-no-title","meta":{"footnotes":""},"class_list":["post-3","page","type-page","status-publish","hentry"],"_links":{"self":[{"href":"https:\/\/ahjo.media\/index.php\/wp-json\/wp\/v2\/pages\/3","targetHints":{"allow":["GET"]}}],"collection":[{"href":"https:\/\/ahjo.media\/index.php\/wp-json\/wp\/v2\/pages"}],"about":[{"href":"https:\/\/ahjo.media\/index.php\/wp-json\/wp\/v2\/types\/page"}],"author":[{"embeddable":true,"href":"https:\/\/ahjo.media\/index.php\/wp-json\/wp\/v2\/users\/1"}],"replies":[{"embeddable":true,"href":"https:\/\/ahjo.media\/index.php\/wp-json\/wp\/v2\/comments?post=3"}],"version-history":[{"count":7,"href":"https:\/\/ahjo.media\/index.php\/wp-json\/wp\/v2\/pages\/3\/revisions"}],"predecessor-version":[{"id":860,"href":"https:\/\/ahjo.media\/index.php\/wp-json\/wp\/v2\/pages\/3\/revisions\/860"}],"wp:attachment":[{"href":"https:\/\/ahjo.media\/index.php\/wp-json\/wp\/v2\/media?parent=3"}],"curies":[{"name":"wp","href":"https:\/\/api.w.org\/{rel}","templated":true}]}}