{"id":8,"date":"2023-11-26T18:02:17","date_gmt":"2023-11-26T18:02:17","guid":{"rendered":"https:\/\/ahjo.media\/?page_id=8"},"modified":"2023-12-08T18:24:30","modified_gmt":"2023-12-08T16:24:30","slug":"etusivu","status":"publish","type":"page","link":"https:\/\/ahjo.media\/","title":{"rendered":"Etusivu"},"content":{"rendered":"\n<div class=\"wp-block-cover alignfull dark-to-norm\" style=\"border-bottom-color:var(--wp--preset--color--contrast-3);border-bottom-width:1px;padding-top:var(--wp--preset--spacing--40);padding-bottom:var(--wp--preset--spacing--40);min-height:100vh;aspect-ratio:unset;\"><span aria-hidden=\"true\" class=\"wp-block-cover__background has-background-dim-100 has-background-dim wp-block-cover__gradient-background has-background-gradient\" style=\"background:linear-gradient(180deg,rgb(0,0,0) 0%,rgb(0,0,0) 4%,rgba(218,7,7,0.51) 28%,rgba(0,70,126,0.63) 98%,rgb(74,165,201) 100%)\"><\/span><img loading=\"lazy\" decoding=\"async\" width=\"1200\" height=\"800\" class=\"wp-block-cover__image-background wp-image-288\" alt=\"\" src=\"https:\/\/ahjo.media\/wp-content\/uploads\/2023\/11\/AdobeStock_454562204-1200px-1.jpg\" style=\"object-position:44% 71%\" data-object-fit=\"cover\" data-object-position=\"44% 71%\" srcset=\"https:\/\/ahjo.media\/wp-content\/uploads\/2023\/11\/AdobeStock_454562204-1200px-1.jpg 1200w, https:\/\/ahjo.media\/wp-content\/uploads\/2023\/11\/AdobeStock_454562204-1200px-1-300x200.jpg 300w, https:\/\/ahjo.media\/wp-content\/uploads\/2023\/11\/AdobeStock_454562204-1200px-1-1024x683.jpg 1024w, https:\/\/ahjo.media\/wp-content\/uploads\/2023\/11\/AdobeStock_454562204-1200px-1-768x512.jpg 768w\" sizes=\"auto, (max-width: 1200px) 100vw, 1200px\" \/><div class=\"wp-block-cover__inner-container has-global-padding is-layout-constrained wp-block-cover-is-layout-constrained\">\n<h1 class=\"wp-block-heading has-text-align-center has-x-large-font-size\">Digitaalisen markkinoinnin palvelut  <\/h1>\n\n\n\n<div style=\"height:73px\" aria-hidden=\"true\" class=\"wp-block-spacer\"><\/div>\n\n\n\n<div class=\"wp-block-columns alignwide is-layout-flex wp-container-core-columns-is-layout-f2d0dd88 wp-block-columns-is-layout-flex\" style=\"padding-right:var(--wp--preset--spacing--30);padding-left:var(--wp--preset--spacing--30)\">\n<div class=\"wp-block-column scale-in-load is-layout-flow wp-block-column-is-layout-flow\">\n<figure class=\"wp-block-image aligncenter size-full is-resized\"><img loading=\"lazy\" decoding=\"async\" width=\"558\" height=\"571\" src=\"https:\/\/ahjo.media\/wp-content\/uploads\/2023\/12\/LOGO-white.png\" alt=\"\" class=\"wp-image-767\" style=\"width:61px;height:auto\" srcset=\"https:\/\/ahjo.media\/wp-content\/uploads\/2023\/12\/LOGO-white.png 558w, https:\/\/ahjo.media\/wp-content\/uploads\/2023\/12\/LOGO-white-293x300.png 293w\" sizes=\"auto, (max-width: 558px) 100vw, 558px\" \/><\/figure>\n\n\n\n<h2 class=\"wp-block-heading has-text-align-center has-text-color has-link-color has-large-font-size wp-elements-9c7e2ffdb1abf9414d0a02e1b0f03dae\" style=\"color:#ffffff;margin-top:4px;margin-bottom:0;font-style:normal;font-weight:400;text-transform:uppercase\">Logot<\/h2>\n\n\n\n<p class=\"has-text-align-center has-text-color has-link-color wp-elements-acfadb7e4f82d0f2a13491d3f1c2a7fa\" style=\"color:#ffffff;margin-top:6px;margin-bottom:6px\">Moderni ja toimiva logo <br>on yritysbr\u00e4nd\u00e4yksen kivijalka.<\/p>\n\n\n\n<div class=\"wp-block-buttons is-content-justification-center is-layout-flex wp-container-core-buttons-is-layout-d565fcec wp-block-buttons-is-layout-flex\" style=\"margin-top:var(--wp--preset--spacing--20);margin-bottom:var(--wp--preset--spacing--20)\">\n<div class=\"wp-block-button is-style-fill glowing-button\" style=\"text-transform:uppercase\"><a class=\"wp-block-button__link has-text-color has-background has-link-color has-border-color wp-element-button\" href=\"https:\/\/ahjo.media\/index.php\/logosuunnittelu\/\" style=\"border-color:#e3f3fc6b;border-width:1px;color:#ffffff;background-color:#0000007a\">Tutustu<\/a><\/div>\n<\/div>\n<\/div>\n\n\n\n<div class=\"wp-block-column scale-in-load-2 is-layout-flow wp-block-column-is-layout-flow\">\n<figure class=\"wp-block-image aligncenter size-full is-resized\"><img loading=\"lazy\" decoding=\"async\" width=\"512\" height=\"512\" src=\"https:\/\/ahjo.media\/wp-content\/uploads\/2023\/11\/web-39-512-white.png\" alt=\"\" class=\"wp-image-49\" style=\"width:61px;height:auto\" srcset=\"https:\/\/ahjo.media\/wp-content\/uploads\/2023\/11\/web-39-512-white.png 512w, https:\/\/ahjo.media\/wp-content\/uploads\/2023\/11\/web-39-512-white-300x300.png 300w, https:\/\/ahjo.media\/wp-content\/uploads\/2023\/11\/web-39-512-white-150x150.png 150w\" sizes=\"auto, (max-width: 512px) 100vw, 512px\" \/><\/figure>\n\n\n\n<h2 class=\"wp-block-heading has-text-align-center has-text-color has-link-color has-large-font-size wp-elements-f4a58f2552017454530e8ae25a19cdba\" style=\"color:#ffffff;margin-top:4px;margin-bottom:0;font-style:normal;font-weight:400;text-transform:uppercase\">Web <\/h2>\n\n\n\n<p class=\"has-text-align-center has-text-color has-link-color wp-elements-e9331403c279fe1521a5176353c398cc\" style=\"color:#ffffff;margin-top:6px\">Suunnittelu, yll\u00e4pito <br>sek\u00e4 hotelli samasta paikasta.<\/p>\n\n\n\n<div class=\"wp-block-buttons is-content-justification-center is-layout-flex wp-container-core-buttons-is-layout-d565fcec wp-block-buttons-is-layout-flex\" style=\"margin-top:var(--wp--preset--spacing--20);margin-bottom:var(--wp--preset--spacing--20)\">\n<div class=\"wp-block-button is-style-fill glowing-button\" style=\"text-transform:uppercase\"><a class=\"wp-block-button__link has-text-color has-background has-link-color has-border-color wp-element-button\" href=\"https:\/\/ahjo.media\/index.php\/web-sivut\/\" style=\"border-color:#e3f3fc6b;border-width:1px;color:#ffffff;background-color:#0000007a\">Tutustu<\/a><\/div>\n<\/div>\n<\/div>\n\n\n\n<div class=\"wp-block-column scale-in-load-3 is-layout-flow wp-block-column-is-layout-flow\">\n<figure class=\"wp-block-image aligncenter size-full is-resized\"><img loading=\"lazy\" decoding=\"async\" width=\"512\" height=\"410\" src=\"https:\/\/ahjo.media\/wp-content\/uploads\/2023\/11\/photos-icon-white.png\" alt=\"\" class=\"wp-image-51\" style=\"width:74px;height:auto\" srcset=\"https:\/\/ahjo.media\/wp-content\/uploads\/2023\/11\/photos-icon-white.png 512w, https:\/\/ahjo.media\/wp-content\/uploads\/2023\/11\/photos-icon-white-300x240.png 300w\" sizes=\"auto, (max-width: 512px) 100vw, 512px\" \/><\/figure>\n\n\n\n<h2 class=\"wp-block-heading has-text-align-center has-text-color has-link-color has-large-font-size wp-elements-ddb0d21f50359704836aa632c2574d41\" style=\"color:#ffffff;margin-top:4px;margin-bottom:0;font-style:normal;font-weight:400;text-transform:uppercase\">Kuvat<\/h2>\n\n\n\n<p class=\"has-text-align-center has-text-color has-link-color wp-elements-302707bd8a89c2042983fbb3308c873b\" style=\"color:#ffffff;margin-top:6px\">Korkeatasoinen kuvitus <br>luo pohjan markkinoinnille.<\/p>\n\n\n\n<div class=\"wp-block-buttons is-content-justification-center is-layout-flex wp-container-core-buttons-is-layout-d565fcec wp-block-buttons-is-layout-flex\" style=\"margin-top:var(--wp--preset--spacing--20);margin-bottom:var(--wp--preset--spacing--20)\">\n<div class=\"wp-block-button is-style-fill glowing-button\" style=\"text-transform:uppercase\"><a class=\"wp-block-button__link has-text-color has-background has-link-color has-border-color wp-element-button\" href=\"https:\/\/ahjo.media\/index.php\/kuvat\/\" style=\"border-color:#e3f3fc6b;border-width:1px;color:#ffffff;background-color:#0000007a\">Tutustu<\/a><\/div>\n<\/div>\n<\/div>\n<\/div>\n<\/div><\/div>\n\n\n\n<div style=\"height:22px\" aria-hidden=\"true\" class=\"wp-block-spacer\"><\/div>\n\n\n\n<div class=\"wp-block-columns alignwide is-layout-flex wp-container-core-columns-is-layout-28f84493 wp-block-columns-is-layout-flex\">\n<div class=\"wp-block-column is-layout-flow wp-block-column-is-layout-flow\" style=\"padding-right:var(--wp--preset--spacing--10);padding-left:var(--wp--preset--spacing--10);flex-basis:75%\">\n<h2 class=\"wp-block-heading\">Ahjomedialta saat <\/h2>\n\n\n\n<ul class=\"wp-block-list\">\n<li>logosuunnittelun<\/li>\n\n\n\n<li>br\u00e4ndisuunnittelun<\/li>\n\n\n\n<li>3D visualisoidut kuvat ennakkomarkinointia varten. <\/li>\n\n\n\n<li>internetsivustojen suunnittelun, web-hotellin ja yll\u00e4pidon<\/li>\n<\/ul>\n\n\n\n<h2 class=\"wp-block-heading\">Viel\u00e4k\u00f6 paperia tarvitaan?<\/h2>\n\n\n\n<p>My\u00f6s muu markkinointimateriaali onnistuu kauttamme; k\u00e4yntikorteista muihin painettaviin. Joten kyll\u00e4, my\u00f6s paperi on toimiva alusta edelleen. <\/p>\n\n\n\n<h2 class=\"wp-block-heading\">Vinkki ostoksien tekoon<\/h2>\n\n\n\n<p>Voit ker\u00e4t\u00e4 ostoskoriin tuotteet, joista olet kiinnostunut. Siirry kassalle maksamaan ja valitse maksuvaihtoehdoksi &#8221;<em>maksu<strong> <\/strong>toimitettaessa<\/em>.&#8221;  Nyt maksuatapahtuma ei viel\u00e4 toteudu, ainoastaan tilaus. Voit kirjoittaa lis\u00e4tietokentt\u00e4\u00e4n esim. muutosehdotuksia ja voimme antaa tarjouksen tilaamistasi tuotteista, jonka sitten vahvistat. Maksu t\u00e4ss\u00e4 tapauksessa my\u00f6hemmin laskulla. <\/p>\n\n\n\n<h2 class=\"wp-block-heading\">Suosituimmat palvelumme<\/h2>\n\n\n\n<div style=\"height:24px\" aria-hidden=\"true\" class=\"wp-block-spacer\"><\/div>\n\n\n\n<div class=\"wp-block-columns alignwide is-layout-flex wp-container-core-columns-is-layout-d2da2050 wp-block-columns-is-layout-flex\" style=\"margin-bottom:0\">\n<div class=\"wp-block-column varjo has-border-color has-text-color has-background has-link-color wp-elements-4fde8418e655a6136f26f721983c9e68 is-layout-flow wp-block-column-is-layout-flow\" style=\"border-color:#ffffff;border-width:1px;color:#000000;background-color:#f6f7f8;padding-top:var(--wp--preset--spacing--40);padding-right:var(--wp--preset--spacing--10);padding-bottom:var(--wp--preset--spacing--10);padding-left:var(--wp--preset--spacing--10)\"><div data-block-name=\"woocommerce\/featured-product\" data-edit-mode=\"false\" data-product-id=\"702\" data-style=\"{&quot;elements&quot;:{&quot;link&quot;:{&quot;color&quot;:{&quot;text&quot;:&quot;var:preset|color|contrast-2&quot;}}},&quot;spacing&quot;:{&quot;padding&quot;:{&quot;top&quot;:&quot;0&quot;,&quot;bottom&quot;:&quot;0&quot;,&quot;left&quot;:&quot;0&quot;,&quot;right&quot;:&quot;0&quot;}}}\" data-text-color=\"contrast-2\" class=\"wc-block-featured-product alignnone has-background-dim has-text-color has-contrast-2-color esittelyssa wp-elements-a499f711f2ebf3ed8c07fcbe2862df0d wp-block-woocommerce-featured-product\" style=\"min-height:500px;padding-top:0;padding-bottom:0;padding-left:0;padding-right:0;\"><div class=\"wc-block-featured-product__wrapper\"><div class=\"background-dim__overlay\" style=\"background-color: #000000\"><\/div><img decoding=\"async\" alt=\"Startti mini\" class=\"wc-block-featured-product__background-image\" src=\"https:\/\/ahjo.media\/wp-content\/uploads\/2023\/12\/startti-tuotekuva@0.3x-1.png\" style=\"object-fit: none;object-position: 50% 50%;\" \/><h2 class=\"wc-block-featured-product__title\">Startti mini<\/h2><div class=\"wc-block-featured-product__description\"><p class=\"has-text-align-center has-normal-font-size\"><strong>Paketti aloittavalle yritt\u00e4j\u00e4lle<\/strong><\/p>\n<hr class=\"wp-block-separator has-text-color has-css-opacity has-background is-style-wide\" \/>\n<ul class=\"has-normal-font-size\">\n<li>Logon suunnittelu<\/li>\n<li>graafinen ohjeistus painomateriaaleille<\/li>\n<li>web sivujen tyylit sovitettu ohjeistusta sovittaen<\/li>\n<li>K\u00e4yntikortin suunnittelu ja painatus 250 kpl<\/li>\n<li>4 sivuinen esite + painatus 500 kpl<\/li>\n<li>A5 flyer suunnittelu + painatus 1000 kpl<\/li>\n<li>web sivujen suunnittelu ja toteutus WordPress<\/li>\n<li>Web sivujen yll\u00e4pito<\/li>\n<li>Domainin varaus<\/li>\n<li>1 s\u00e4hk\u00f6postilaatikko tai reititys useammalle<\/li>\n<li>500 MB web levytilaa<\/li>\n<\/ul>\n<p>Vuoden j\u00e4lkeen sopimus jatkuu oletuksena saman kokoisena Wehotellina.<\/p>\n<p style=\"margin-top: 30px;margin-bottom: 10px\"><strong>166 \u20ac\/kk tai vuosi:<\/strong><\/p>\n<\/div><div class=\"wc-block-featured-product__price\"><span class=\"woocommerce-Price-amount amount\">1992,00&nbsp;<span class=\"woocommerce-Price-currencySymbol\">&euro;<\/span><\/span><\/div><div class=\"wc-block-featured-product__link\">\n\n<div class=\"wp-block-buttons is-content-justification-center is-layout-flex wp-container-core-buttons-is-layout-a89b3969 wp-block-buttons-is-layout-flex\">\n<div class=\"wp-block-button\"><a class=\"wp-block-button__link wp-element-button\" href=\"https:\/\/ahjo.media\/index.php\/tuote\/startti-mini\/\">Osta nyt<\/a><\/div>\n<\/div>\n\n<\/div><\/div><\/div>\n\n\n<hr class=\"wp-block-separator has-alpha-channel-opacity is-style-wide\"\/>\n\n\n\n<p class=\"has-text-align-center\">Tutustu Startti -tuotteisiin <strong><a href=\"https:\/\/ahjo.media\/index.php\/yrittajan-starttipaketti\/\" data-type=\"page\" data-id=\"644\">t\u00e4\u00e4ll\u00e4<\/a><\/strong><\/p>\n<\/div>\n\n\n\n<div class=\"wp-block-column is-vertically-aligned-top varjo has-border-color has-text-color has-background has-link-color wp-elements-c43d7e1a09675cb5f8abc3a86ec481f4 is-layout-flow wp-block-column-is-layout-flow\" style=\"border-color:#ffffff;border-width:1px;color:#000000;background-color:#b3e6ff;padding-top:var(--wp--preset--spacing--40);padding-right:var(--wp--preset--spacing--10);padding-bottom:var(--wp--preset--spacing--10);padding-left:var(--wp--preset--spacing--10)\"><div data-block-name=\"woocommerce\/featured-product\" data-edit-mode=\"false\" data-product-id=\"745\" data-style=\"{&quot;spacing&quot;:{&quot;padding&quot;:{&quot;top&quot;:&quot;0&quot;,&quot;bottom&quot;:&quot;0&quot;,&quot;left&quot;:&quot;0&quot;,&quot;right&quot;:&quot;0&quot;}},&quot;elements&quot;:{&quot;link&quot;:{&quot;color&quot;:{&quot;text&quot;:&quot;var:preset|color|contrast&quot;}}}}\" data-text-color=\"contrast\" class=\"wc-block-featured-product alignnone has-background-dim has-text-color has-contrast-color esittelyssa wp-elements-42b20c47a7f9d71094b4b431cfdd018b wp-block-woocommerce-featured-product\" style=\"min-height:500px;padding-top:0;padding-bottom:0;padding-left:0;padding-right:0;\"><div class=\"wc-block-featured-product__wrapper\"><div class=\"background-dim__overlay\" style=\"background-color: #000000\"><\/div><img decoding=\"async\" alt=\"Verkkosivut - iso\" class=\"wc-block-featured-product__background-image\" src=\"https:\/\/ahjo.media\/wp-content\/uploads\/2023\/12\/web-tuotekuva@0.3x-1.png\" style=\"object-fit: none;object-position: 50% 50%;\" \/><h2 class=\"wc-block-featured-product__title\">Verkkosivut &#8211; iso<\/h2><div class=\"wc-block-featured-product__description\"><p class=\"has-text-align-center has-normal-font-size\"><strong>vaativille verkkosivuille<\/strong><\/p>\n<hr class=\"wp-block-separator has-text-color has-css-opacity has-background is-style-wide\" \/>\n<ul class=\"has-normal-font-size\">\n<li style=\"list-style-type: none\"><\/li>\n<li>web sivujen suunnittelu ja WordPress toteutus<\/li>\n<li>maks. 6 sivun suunnittelu ja toteutus<\/li>\n<li>Web sivujen yll\u00e4pito<\/li>\n<li>10 s\u00e4hk\u00f6postilaatikkoa<\/li>\n<li>15 GB SSD NVMe<\/li>\n<\/ul>\n<p>Vuoden sopimus, jonka j\u00e4lkeen sopimus jatkuu saman kokoisella webhotellilla<\/p>\n<p style=\"margin-top: 30px;margin-bottom: 10px\"><strong>210 \u20ac\/kk tai vuosi: <\/strong><\/p>\n<\/div><div class=\"wc-block-featured-product__price\"><span class=\"woocommerce-Price-amount amount\">2520,00&nbsp;<span class=\"woocommerce-Price-currencySymbol\">&euro;<\/span><\/span><\/div><div class=\"wc-block-featured-product__link\">\n\n<div class=\"wp-block-buttons is-content-justification-center is-layout-flex wp-container-core-buttons-is-layout-a89b3969 wp-block-buttons-is-layout-flex\">\n<div class=\"wp-block-button\"><a class=\"wp-block-button__link wp-element-button\" href=\"https:\/\/ahjo.media\/index.php\/tuote\/web-medium\/\">Osta nyt<\/a><\/div>\n<\/div>\n\n<\/div><\/div><\/div>\n\n\n<hr class=\"wp-block-separator has-alpha-channel-opacity is-style-wide\"\/>\n\n\n\n<p class=\"has-text-align-center\">Tsekkaa muut Web -tuotteet <a href=\"https:\/\/ahjo.media\/index.php\/web-sivut\/\" data-type=\"page\" data-id=\"458\"><strong>t\u00e4\u00e4lt\u00e4<\/strong><\/a><\/p>\n<\/div>\n<\/div>\n\n\n\n<p class=\"has-text-align-center\">Hintoihin lis\u00e4t\u00e4\u00e4n alv 24%. Osamaksu eriss\u00e4 mahdollinen, ei lis\u00e4\u00e4 k\u00e4sittelymaksuja eik\u00e4 sille muodostu korkoa.<\/p>\n<\/div>\n\n\n\n<div class=\"wp-block-column is-layout-flow wp-block-column-is-layout-flow\" style=\"border-left-color:var(--wp--preset--color--contrast-3);border-left-style:dotted;border-left-width:1px;padding-right:var(--wp--preset--spacing--10);padding-left:var(--wp--preset--spacing--10);flex-basis:25%\">\n<h2 class=\"wp-block-heading is-style-default has-custom-v-ri-1-color has-text-color has-link-color wp-elements-32d62a1a752fb696231a0a005830b78a\" style=\"font-size:clamp(0.984rem, 0.984rem + ((1vw - 0.2rem) * 0.86), 1.5rem);font-style:normal;font-weight:400\">Viimeisimm\u00e4t<br>artikkelit<\/h2>\n\n\n\n<div class=\"wp-block-query is-layout-flow wp-block-query-is-layout-flow\"><ul class=\"wp-block-post-template is-layout-flow wp-container-core-post-template-is-layout-ea1fff98 wp-block-post-template-is-layout-flow\"><li class=\"wp-block-post post-232 post type-post status-publish format-standard has-post-thumbnail hentry category-design\">\n<h2 style=\"font-size:clamp(0.984rem, 0.984rem + ((1vw - 0.2rem) * 0.86), 1.5rem);font-style:normal;font-weight:400;\" class=\"has-link-color wp-elements-fba35ea61863dc6d0c21ab5e3c4ca001 wp-block-post-title has-text-color has-contrast-2-color\"><a href=\"https:\/\/ahjo.media\/index.php\/2023\/11\/29\/ravintoarvo-logosuunnittelu\/\" target=\"_self\" >Ravintoarvo logosuunnittelu<\/a><\/h2>\n\n<div class=\"wp-block-post-excerpt\"><p class=\"wp-block-post-excerpt__excerpt\">Ravintoarvo.fi sivusto aloittaa vuodenvaihteessa ja se tarvitsisi logon. Sivusto on nimens\u00e4 mukaan ravintoon keskittyv\u00e4 blogi, jossa tieto perustuu virallisiin ravintosuosituksiin, uutisiin ja tutkimustietoon K\u00e4\u00e4rmeen sijasta terveyden symbolina&hellip; <\/p><\/div>\n\n\n<hr class=\"wp-block-separator has-text-color has-contrast-3-color has-alpha-channel-opacity has-contrast-3-background-color has-background is-style-wide\"\/>\n\n\n<div class=\"wp-block-post-date\"><time datetime=\"2023-11-29T22:29:09+02:00\">29 marraskuun, 2023<\/time><\/div>\n<\/li><li class=\"wp-block-post post-158 post type-post status-publish format-standard has-post-thumbnail hentry category-design\">\n<h2 style=\"font-size:clamp(0.984rem, 0.984rem + ((1vw - 0.2rem) * 0.86), 1.5rem);font-style:normal;font-weight:400;\" class=\"has-link-color wp-elements-fba35ea61863dc6d0c21ab5e3c4ca001 wp-block-post-title has-text-color has-contrast-2-color\"><a href=\"https:\/\/ahjo.media\/index.php\/2023\/11\/29\/logon-paivitys\/\" target=\"_self\" >Logon p\u00e4ivitys<\/a><\/h2>\n\n<div class=\"wp-block-post-excerpt\"><p class=\"wp-block-post-excerpt__excerpt\">Joskus k\u00e4y niin, ett\u00e4 vaikka logo on tuntunut jo aikansa hyv\u00e4lt\u00e4, alkaa se vaikuttamaan jossain vaiheessa jotenkin v\u00e4\u00e4r\u00e4lt\u00e4. Meid\u00e4n tapauksessa yrityksen toimintaan tuli muutoksia alkuper\u00e4isest\u00e4, ja ehk\u00e4&hellip; <\/p><\/div>\n\n\n<hr class=\"wp-block-separator has-text-color has-contrast-3-color has-alpha-channel-opacity has-contrast-3-background-color has-background is-style-wide\"\/>\n\n\n<div class=\"wp-block-post-date\"><time datetime=\"2023-11-29T20:03:25+02:00\">29 marraskuun, 2023<\/time><\/div>\n<\/li><li class=\"wp-block-post post-116 post type-post status-publish format-standard has-post-thumbnail hentry category-servut\">\n<h2 style=\"font-size:clamp(0.984rem, 0.984rem + ((1vw - 0.2rem) * 0.86), 1.5rem);font-style:normal;font-weight:400;\" class=\"has-link-color wp-elements-fba35ea61863dc6d0c21ab5e3c4ca001 wp-block-post-title has-text-color has-contrast-2-color\"><a href=\"https:\/\/ahjo.media\/index.php\/2023\/11\/27\/servereiden-ja-palveluiden-suo\/\" target=\"_self\" >Servereiden ja palveluiden suo<\/a><\/h2>\n\n<div class=\"wp-block-post-excerpt\"><p class=\"wp-block-post-excerpt__excerpt\">Kun muutama vuosi sitten lipsahdin er\u00e4\u00e4n tuttavan kautta NodeJS \/ ReactJS maailmaan, en aavistanut millainen vetinen ja upottava maasto olisi edess\u00e4ni. K\u00e4ytt\u00e4m\u00e4mme palvelin ja tietokanta oli ilmaisia,&hellip; <\/p><\/div>\n\n\n<hr class=\"wp-block-separator has-text-color has-contrast-3-color has-alpha-channel-opacity has-contrast-3-background-color has-background is-style-wide\"\/>\n\n\n<div class=\"wp-block-post-date\"><time datetime=\"2023-11-27T09:27:38+02:00\">27 marraskuun, 2023<\/time><\/div>\n<\/li><\/ul><\/div>\n<\/div>\n<\/div>\n\n\n\n<div style=\"height:53px\" aria-hidden=\"true\" class=\"wp-block-spacer\"><\/div>\n","protected":false},"excerpt":{"rendered":"<p>Ahjomedialta saat Viel\u00e4k\u00f6 paperia tarvitaan? My\u00f6s muu markkinointimateriaali onnistuu kauttamme; k\u00e4yntikorteista muihin painettaviin. Joten kyll\u00e4, my\u00f6s paperi on toimiva alusta edelleen. Vinkki ostoksien tekoon Voit ker\u00e4t\u00e4 ostoskoriin tuotteet, joista olet kiinnostunut. Siirry kassalle maksamaan ja valitse maksuvaihtoehdoksi &#8221;maksu toimitettaessa.&#8221; Nyt maksuatapahtuma ei viel\u00e4 toteudu, ainoastaan tilaus. Voit kirjoittaa lis\u00e4tietokentt\u00e4\u00e4n esim. muutosehdotuksia ja voimme antaa tarjouksen [&hellip;]<\/p>\n","protected":false},"author":1,"featured_media":0,"parent":0,"menu_order":0,"comment_status":"closed","ping_status":"closed","template":"page-no-title","meta":{"footnotes":""},"class_list":["post-8","page","type-page","status-publish","hentry"],"_links":{"self":[{"href":"https:\/\/ahjo.media\/index.php\/wp-json\/wp\/v2\/pages\/8","targetHints":{"allow":["GET"]}}],"collection":[{"href":"https:\/\/ahjo.media\/index.php\/wp-json\/wp\/v2\/pages"}],"about":[{"href":"https:\/\/ahjo.media\/index.php\/wp-json\/wp\/v2\/types\/page"}],"author":[{"embeddable":true,"href":"https:\/\/ahjo.media\/index.php\/wp-json\/wp\/v2\/users\/1"}],"replies":[{"embeddable":true,"href":"https:\/\/ahjo.media\/index.php\/wp-json\/wp\/v2\/comments?post=8"}],"version-history":[{"count":196,"href":"https:\/\/ahjo.media\/index.php\/wp-json\/wp\/v2\/pages\/8\/revisions"}],"predecessor-version":[{"id":1114,"href":"https:\/\/ahjo.media\/index.php\/wp-json\/wp\/v2\/pages\/8\/revisions\/1114"}],"wp:attachment":[{"href":"https:\/\/ahjo.media\/index.php\/wp-json\/wp\/v2\/media?parent=8"}],"curies":[{"name":"wp","href":"https:\/\/api.w.org\/{rel}","templated":true}]}}