{"id":1100,"date":"2023-12-07T21:53:32","date_gmt":"2023-12-07T19:53:32","guid":{"rendered":"https:\/\/ahjo.media\/?post_type=product&#038;p=1100"},"modified":"2023-12-10T00:28:36","modified_gmt":"2023-12-09T22:28:36","slug":"web-hotelli-mini","status":"publish","type":"product","link":"https:\/\/ahjo.media\/index.php\/tuote\/web-hotelli-mini\/","title":{"rendered":"Minihotelli"},"content":{"rendered":"<div class=\"wc-block-featured-product__description\">\n<p class=\"has-text-align-center has-normal-font-size\"><strong>Minihotelli pienelle sivustolle<\/strong><\/p>\n<hr class=\"wp-block-separator has-text-color has-css-opacity has-background is-style-wide\" \/>\n<\/div>\n<ul class=\"has-normal-font-size\">\n<li>1 tietokanta<\/li>\n<li>200 Gt\/kk datan k\u00e4ytt\u00f6<\/li>\n<li>1 s\u00e4hk\u00f6postilaatikko<\/li>\n<li>512 MB levytilaa<\/li>\n<\/ul>\n<p style=\"padding-top: 10px; padding-bottom: 10px;\">Tarkoitettu pienelle sivustolle. Py\u00f6ritt\u00e4\u00e4 WordPressi\u00e4, levytila riitt\u00e4\u00e4 perussivulle. S\u00e4hk\u00f6postilaatikon sijasta suositellaan k\u00e4ytett\u00e4v\u00e4ksi <strong>\r\n\t<a class=\"paoc-popup-click paoc-popup-cust-657 paoc-popup-simple_link paoc-popup-link\" href=\"javascript:void(0);\">s\u00e4hk\u00f6postireitityksi\u00e4<\/a>\r\n\r\n<a class=\"paoc-popup-click paoc-popup-cust-657 paoc-popup-simple_link paoc-popup-link\">.<\/a><\/strong><\/p>\n<p style=\"margin-top: 30px; margin-bottom: 10px;\"><strong>3 \u20ac\/kk tai vuosi:<\/strong><\/p>\n","protected":false},"excerpt":{"rendered":"<div class=\"wc-block-featured-product__description\">\n<p class=\"has-text-align-center has-normal-font-size\"><strong>Minihotelli pienelle sivustolle<\/strong><\/p>\n<hr class=\"wp-block-separator has-text-color has-css-opacity has-background is-style-wide\" \/>\n<\/div>\n<ul class=\"has-normal-font-size\">\n<li>1 tietokanta<\/li>\n<li>200 Gt\/kk datan k\u00e4ytt\u00f6<\/li>\n<li>1 s\u00e4hk\u00f6postilaatikko<\/li>\n<li>512 MB levytilaa<\/li>\n<\/ul>\n<p style=\"padding-top: 10px; padding-bottom: 10px;\">Tarkoitettu pienelle sivustolle. Py\u00f6ritt\u00e4\u00e4 Wordpressi\u00e4, levytila riitt\u00e4\u00e4 perussivulle. S\u00e4hk\u00f6postilaatikon sijasta suositellaan k\u00e4ytett\u00e4v\u00e4ksi <strong>[popup_anything id=\"657\"]<a class=\"paoc-popup-click paoc-popup-cust-657 paoc-popup-simple_link paoc-popup-link\">.<\/a><\/strong><\/p>\n<p style=\"margin-top: 30px; margin-bottom: 10px;\"><strong>3 \u20ac\/kk tai vuosi:<\/strong><\/p>\n","protected":false},"featured_media":1141,"comment_status":"open","ping_status":"closed","template":"","meta":[],"product_brand":[],"product_cat":[31],"product_tag":[],"class_list":{"0":"post-1100","1":"product","2":"type-product","3":"status-publish","4":"has-post-thumbnail","6":"product_cat-web-hotelli","8":"first","9":"instock","10":"virtual","11":"taxable","12":"purchasable","13":"product-type-simple"},"_links":{"self":[{"href":"https:\/\/ahjo.media\/index.php\/wp-json\/wp\/v2\/product\/1100","targetHints":{"allow":["GET"]}}],"collection":[{"href":"https:\/\/ahjo.media\/index.php\/wp-json\/wp\/v2\/product"}],"about":[{"href":"https:\/\/ahjo.media\/index.php\/wp-json\/wp\/v2\/types\/product"}],"replies":[{"embeddable":true,"href":"https:\/\/ahjo.media\/index.php\/wp-json\/wp\/v2\/comments?post=1100"}],"wp:featuredmedia":[{"embeddable":true,"href":"https:\/\/ahjo.media\/index.php\/wp-json\/wp\/v2\/media\/1141"}],"wp:attachment":[{"href":"https:\/\/ahjo.media\/index.php\/wp-json\/wp\/v2\/media?parent=1100"}],"wp:term":[{"taxonomy":"product_brand","embeddable":true,"href":"https:\/\/ahjo.media\/index.php\/wp-json\/wp\/v2\/product_brand?post=1100"},{"taxonomy":"product_cat","embeddable":true,"href":"https:\/\/ahjo.media\/index.php\/wp-json\/wp\/v2\/product_cat?post=1100"},{"taxonomy":"product_tag","embeddable":true,"href":"https:\/\/ahjo.media\/index.php\/wp-json\/wp\/v2\/product_tag?post=1100"}],"curies":[{"name":"wp","href":"https:\/\/api.w.org\/{rel}","templated":true}]}}