{"id":1101,"date":"2023-12-07T21:53:55","date_gmt":"2023-12-07T19:53:55","guid":{"rendered":"https:\/\/ahjo.media\/?post_type=product&#038;p=1101"},"modified":"2023-12-10T00:28:22","modified_gmt":"2023-12-09T22:28:22","slug":"web-hotelli-perus","status":"publish","type":"product","link":"https:\/\/ahjo.media\/index.php\/tuote\/web-hotelli-perus\/","title":{"rendered":"Perus hotelli"},"content":{"rendered":"<div class=\"wc-block-featured-product__description\">\n<p class=\"has-text-align-center has-normal-font-size\"><strong>Hotelli perus sivustolle<\/strong><\/p>\n<hr class=\"wp-block-separator has-text-color has-css-opacity has-background is-style-wide\" \/>\n<\/div>\n<ul class=\"has-normal-font-size\">\n<li>3 tietokantaa<\/li>\n<li>3 s\u00e4hk\u00f6postilaatikkoa<\/li>\n<li>300 Gt\/kk datan k\u00e4ytt\u00f6<\/li>\n<li>5 GB levytilaa<\/li>\n<\/ul>\n<p>Py\u00f6ritt\u00e4\u00e4 jo hyvin WordPressi\u00e4, jossa on enemm\u00e4n kuin muutama sivu.<\/p>\n<p style=\"margin-top: 30px; margin-bottom: 10px;\"><strong>5 \u20ac\/kk tai vuosi:<\/strong><\/p>\n","protected":false},"excerpt":{"rendered":"<div class=\"wc-block-featured-product__description\">\n<p class=\"has-text-align-center has-normal-font-size\"><strong>Hotelli perus sivustolle<\/strong><\/p>\n<hr class=\"wp-block-separator has-text-color has-css-opacity has-background is-style-wide\" \/>\n<\/div>\n<ul class=\"has-normal-font-size\">\n<li>3 tietokantaa<\/li>\n<li>3 s\u00e4hk\u00f6postilaatikkoa<\/li>\n<li>300 Gt\/kk datan k\u00e4ytt\u00f6<\/li>\n<li>5 GB levytilaa<\/li>\n<\/ul>\n<p>Py\u00f6ritt\u00e4\u00e4 jo hyvin Wordpressi\u00e4, jossa on enemm\u00e4n kuin muutama sivu.<\/p>\n<p style=\"margin-top: 30px; margin-bottom: 10px;\"><strong>5 \u20ac\/kk tai vuosi:<\/strong><\/p>\n","protected":false},"featured_media":1141,"comment_status":"open","ping_status":"closed","template":"","meta":[],"product_brand":[],"product_cat":[31],"product_tag":[],"class_list":{"0":"post-1101","1":"product","2":"type-product","3":"status-publish","4":"has-post-thumbnail","6":"product_cat-web-hotelli","8":"first","9":"instock","10":"virtual","11":"taxable","12":"purchasable","13":"product-type-simple"},"_links":{"self":[{"href":"https:\/\/ahjo.media\/index.php\/wp-json\/wp\/v2\/product\/1101","targetHints":{"allow":["GET"]}}],"collection":[{"href":"https:\/\/ahjo.media\/index.php\/wp-json\/wp\/v2\/product"}],"about":[{"href":"https:\/\/ahjo.media\/index.php\/wp-json\/wp\/v2\/types\/product"}],"replies":[{"embeddable":true,"href":"https:\/\/ahjo.media\/index.php\/wp-json\/wp\/v2\/comments?post=1101"}],"wp:featuredmedia":[{"embeddable":true,"href":"https:\/\/ahjo.media\/index.php\/wp-json\/wp\/v2\/media\/1141"}],"wp:attachment":[{"href":"https:\/\/ahjo.media\/index.php\/wp-json\/wp\/v2\/media?parent=1101"}],"wp:term":[{"taxonomy":"product_brand","embeddable":true,"href":"https:\/\/ahjo.media\/index.php\/wp-json\/wp\/v2\/product_brand?post=1101"},{"taxonomy":"product_cat","embeddable":true,"href":"https:\/\/ahjo.media\/index.php\/wp-json\/wp\/v2\/product_cat?post=1101"},{"taxonomy":"product_tag","embeddable":true,"href":"https:\/\/ahjo.media\/index.php\/wp-json\/wp\/v2\/product_tag?post=1101"}],"curies":[{"name":"wp","href":"https:\/\/api.w.org\/{rel}","templated":true}]}}