{"id":1106,"date":"2023-12-08T14:33:43","date_gmt":"2023-12-08T12:33:43","guid":{"rendered":"https:\/\/ahjo.media\/?post_type=product&#038;p=1106"},"modified":"2023-12-10T00:27:25","modified_gmt":"2023-12-09T22:27:25","slug":"laaja","status":"publish","type":"product","link":"https:\/\/ahjo.media\/index.php\/tuote\/laaja\/","title":{"rendered":"Webhotelli &#8211; multi"},"content":{"rendered":"<div class=\"wc-block-featured-product__description\">\n<div class=\"wc-block-featured-product__description\">\n<p class=\"has-text-align-center has-normal-font-size\"><strong>Hotelli useammalle domainille<\/strong><\/p>\n<hr class=\"wp-block-separator has-text-color has-css-opacity has-background is-style-wide\" \/>\n<\/div>\n<ul class=\"has-normal-font-size\">\n<li>100 tietokantaa<\/li>\n<li>4 domainia<\/li>\n<li>1200 MB\/kk datan k\u00e4ytt\u00f6<\/li>\n<li>40 s\u00e4hk\u00f6postilaatikkoa<\/li>\n<li>40 GB levytilaa<\/li>\n<\/ul>\n<p>T\u00e4ss\u00e4 paketissa voit hallita nelj\u00e4\u00e4 eri sivustoa samassa hallintapaneelissa.<\/p>\n<p><strong>12 \u20ac\/kk tai vuosi:<\/strong><\/p>\n<\/div>\n","protected":false},"excerpt":{"rendered":"<div class=\"wc-block-featured-product__description\">\n<div class=\"wc-block-featured-product__description\">\n<p class=\"has-text-align-center has-normal-font-size\"><strong>Hotelli useammalle domainille<\/strong><\/p>\n<hr class=\"wp-block-separator has-text-color has-css-opacity has-background is-style-wide\" \/>\n<\/div>\n<ul class=\"has-normal-font-size\">\n<li>100 tietokantaa<\/li>\n<li>4 domainia<\/li>\n<li>1200 MB\/kk datan k\u00e4ytt\u00f6<\/li>\n<li>40 s\u00e4hk\u00f6postilaatikkoa<\/li>\n<li>40 GB levytilaa<\/li>\n<\/ul>\n<p>T\u00e4ss\u00e4 paketissa voit hallita nelj\u00e4\u00e4 eri sivustoa samassa hallintapaneelissa.<\/p>\n<p style=\"margin-top: 30px; margin-bottom: 10px;\"><strong>12 \u20ac\/kk tai vuosi:<\/strong><\/p>\n<\/div>\n","protected":false},"featured_media":1141,"comment_status":"open","ping_status":"closed","template":"","meta":[],"product_brand":[],"product_cat":[31],"product_tag":[],"class_list":{"0":"post-1106","1":"product","2":"type-product","3":"status-publish","4":"has-post-thumbnail","6":"product_cat-web-hotelli","8":"first","9":"instock","10":"virtual","11":"taxable","12":"purchasable","13":"product-type-simple"},"_links":{"self":[{"href":"https:\/\/ahjo.media\/index.php\/wp-json\/wp\/v2\/product\/1106","targetHints":{"allow":["GET"]}}],"collection":[{"href":"https:\/\/ahjo.media\/index.php\/wp-json\/wp\/v2\/product"}],"about":[{"href":"https:\/\/ahjo.media\/index.php\/wp-json\/wp\/v2\/types\/product"}],"replies":[{"embeddable":true,"href":"https:\/\/ahjo.media\/index.php\/wp-json\/wp\/v2\/comments?post=1106"}],"wp:featuredmedia":[{"embeddable":true,"href":"https:\/\/ahjo.media\/index.php\/wp-json\/wp\/v2\/media\/1141"}],"wp:attachment":[{"href":"https:\/\/ahjo.media\/index.php\/wp-json\/wp\/v2\/media?parent=1106"}],"wp:term":[{"taxonomy":"product_brand","embeddable":true,"href":"https:\/\/ahjo.media\/index.php\/wp-json\/wp\/v2\/product_brand?post=1106"},{"taxonomy":"product_cat","embeddable":true,"href":"https:\/\/ahjo.media\/index.php\/wp-json\/wp\/v2\/product_cat?post=1106"},{"taxonomy":"product_tag","embeddable":true,"href":"https:\/\/ahjo.media\/index.php\/wp-json\/wp\/v2\/product_tag?post=1106"}],"curies":[{"name":"wp","href":"https:\/\/api.w.org\/{rel}","templated":true}]}}