{"id":736,"date":"2023-12-03T13:28:37","date_gmt":"2023-12-03T11:28:37","guid":{"rendered":"https:\/\/ahjo.media\/?post_type=product&#038;p=736"},"modified":"2023-12-16T19:01:28","modified_gmt":"2023-12-16T17:01:28","slug":"web-mini","status":"publish","type":"product","link":"https:\/\/ahjo.media\/index.php\/tuote\/web-mini\/","title":{"rendered":"Verkkosivu &#8211; mini"},"content":{"rendered":"<p class=\"has-text-align-center has-normal-font-size\"><strong>Yhden sivun &#8221;k\u00e4yntikortti&#8221;<\/strong><\/p>\n<hr class=\"wp-block-separator has-text-color has-css-opacity has-background is-style-wide\" \/>\n<ul class=\"has-normal-font-size\">\n<li>web sivun suunnittelu ja toteutus<\/li>\n<li>1 tietokanta<\/li>\n<li>Yksi suunniteltu ja toteutettu sivu<\/li>\n<li>Sivujen yll\u00e4pito<\/li>\n<li>1 s\u00e4hk\u00f6postilaatikko<\/li>\n<li>500 MB SSD NVMe<\/li>\n<\/ul>\n<p>Web hotellista tehd\u00e4\u00e4n serveritasolla kerran vuorokaudessa varmuuskopio. T\u00e4m\u00e4n lis\u00e4ksi WordPress julkaisuj\u00e4rjestelm\u00e4 sek\u00e4 sen lis\u00e4osat pidet\u00e4\u00e4n ajan tasalla ja tarkistetaan niiden toimivuus p\u00e4ivityksen j\u00e4lkeen. Varmuuskopio suoritetaan my\u00f6s aina p\u00e4ivitysten yhteydess\u00e4.<\/p>\n<p>Varmuuskopiot ovat palautettavissa tarpeen vaatiessa napin painalluksella.<\/p>\n<p>Yll\u00e4pitoon ei kuulu sis\u00e4ll\u00f6n tuotanto eik\u00e4 sen yll\u00e4pit\u00e4minen. Sis\u00e4ll\u00f6n p\u00e4ivitt\u00e4misest\u00e4 vastaa asiakas.<\/p>\n<p>Sopimus kest\u00e4\u00e4 vuoden. T\u00e4m\u00e4n j\u00e4lkeen sopimus jatkuu saman kokoisella webhotellilla tai erikseen sovittavalla faceliftill\u00e4.<\/p>\n<p style=\"margin-top: 30px; margin-bottom: 10px;\"><strong>55\u20ac\/kk tai vuosi: <\/strong><\/p>\n","protected":false},"excerpt":{"rendered":"<p class=\"has-text-align-center has-normal-font-size\"><strong>Yhden sivun &#8221;k\u00e4yntikortti&#8221;<\/strong><\/p>\n<hr class=\"wp-block-separator has-text-color has-css-opacity has-background is-style-wide\" \/>\n<ul class=\"has-normal-font-size\">\n<li>web sivun suunnittelu ja toteutus<\/li>\n<li>1 tietokanta<\/li>\n<li>Yksi suunniteltu ja toteutettu sivu<\/li>\n<li>Sivujen yll\u00e4pito<\/li>\n<li>1 s\u00e4hk\u00f6postilaatikko<\/li>\n<li>500 MB SSD NVMe<\/li>\n<\/ul>\n<p style=\"margin-top: 30px; margin-bottom: 10px;\"><strong>55 \u20ac\/kk tai vuosi: <\/strong><\/p>\n","protected":false},"featured_media":1140,"comment_status":"open","ping_status":"closed","template":"","meta":[],"product_brand":[],"product_cat":[31],"product_tag":[],"class_list":{"0":"post-736","1":"product","2":"type-product","3":"status-publish","4":"has-post-thumbnail","6":"product_cat-web-hotelli","8":"first","9":"instock","10":"virtual","11":"taxable","12":"purchasable","13":"product-type-simple"},"_links":{"self":[{"href":"https:\/\/ahjo.media\/index.php\/wp-json\/wp\/v2\/product\/736","targetHints":{"allow":["GET"]}}],"collection":[{"href":"https:\/\/ahjo.media\/index.php\/wp-json\/wp\/v2\/product"}],"about":[{"href":"https:\/\/ahjo.media\/index.php\/wp-json\/wp\/v2\/types\/product"}],"replies":[{"embeddable":true,"href":"https:\/\/ahjo.media\/index.php\/wp-json\/wp\/v2\/comments?post=736"}],"wp:featuredmedia":[{"embeddable":true,"href":"https:\/\/ahjo.media\/index.php\/wp-json\/wp\/v2\/media\/1140"}],"wp:attachment":[{"href":"https:\/\/ahjo.media\/index.php\/wp-json\/wp\/v2\/media?parent=736"}],"wp:term":[{"taxonomy":"product_brand","embeddable":true,"href":"https:\/\/ahjo.media\/index.php\/wp-json\/wp\/v2\/product_brand?post=736"},{"taxonomy":"product_cat","embeddable":true,"href":"https:\/\/ahjo.media\/index.php\/wp-json\/wp\/v2\/product_cat?post=736"},{"taxonomy":"product_tag","embeddable":true,"href":"https:\/\/ahjo.media\/index.php\/wp-json\/wp\/v2\/product_tag?post=736"}],"curies":[{"name":"wp","href":"https:\/\/api.w.org\/{rel}","templated":true}]}}