{"id":752,"date":"2023-12-03T13:47:36","date_gmt":"2023-12-03T11:47:36","guid":{"rendered":"https:\/\/ahjo.media\/?post_type=product&#038;p=752"},"modified":"2023-12-10T00:17:50","modified_gmt":"2023-12-09T22:17:50","slug":"web-laaja","status":"publish","type":"product","link":"https:\/\/ahjo.media\/index.php\/tuote\/web-laaja\/","title":{"rendered":"Verkkosivut &#8211; laaja"},"content":{"rendered":"<p class=\"has-text-align-center has-base-2-color has-text-color has-link-color has-normal-font-size wp-elements-7805bc1435bb248a48c191681cf69875\"><strong>Laajemmille nettisivuille<\/strong><\/p>\n<hr class=\"wp-block-separator has-text-color has-base-2-color has-alpha-channel-opacity has-base-2-background-color has-background is-style-wide\" \/>\n<ul class=\"has-base-2-color has-text-color has-link-color has-normal-font-size wp-elements-e4faf4e2f8f1ec948f21358785817b06\">\n<li>sivujen suunnittelu ja toteutus Word Press<\/li>\n<li>100 tietokantaa<\/li>\n<li>Web sivujen yll\u00e4pito<\/li>\n<li>noin 10 sivun suunnittelu ja toteutus<\/li>\n<li>40 s\u00e4hk\u00f6postilaatikkoa<\/li>\n<li>50 GT levytilaa<\/li>\n<\/ul>\n<p class=\"has-text-align-center has-normal-font-size\">Web hotellista tehd\u00e4\u00e4n serveritasolla kerran vuorokaudessa varmuuskopio. T\u00e4m\u00e4n lis\u00e4ksi WordPress julkaisuj\u00e4rjestelm\u00e4 sek\u00e4 sen lis\u00e4osat pidet\u00e4\u00e4n ajan tasalla ja tarkistetaan niiden toimivuus p\u00e4ivityksen j\u00e4lkeen. Varmuuskopio suoritetaan my\u00f6s aina p\u00e4ivitysten yhteydess\u00e4.<\/p>\n<p>Varmuuskopiot ovat palautettavissa tarpeen vaatiessa napin painalluksella.<\/p>\n<p>Yll\u00e4pitoon ei kuulu sis\u00e4ll\u00f6n tuotanto eik\u00e4 sen yll\u00e4pit\u00e4minen. Sis\u00e4ll\u00f6n p\u00e4ivitt\u00e4misest\u00e4 vastaa asiakas.<\/p>\n<p>&nbsp;<\/p>\n","protected":false},"excerpt":{"rendered":"<p class=\"has-text-align-center has-base-2-color has-text-color has-link-color has-normal-font-size wp-elements-7805bc1435bb248a48c191681cf69875\"><strong>Laajemmille nettisivuille<\/strong><\/p>\n<hr class=\"wp-block-separator has-text-color has-base-2-color has-alpha-channel-opacity has-base-2-background-color has-background is-style-wide\" \/>\n<ul class=\"has-base-2-color has-text-color has-link-color has-normal-font-size wp-elements-e4faf4e2f8f1ec948f21358785817b06\">\n<li>sivujen suunnittelu ja toteutus Word Press<\/li>\n<li>100 tietokantaa<\/li>\n<li>Web sivujen yll\u00e4pito<\/li>\n<li>noin 10 sivun suunnittelu ja toteutus<\/li>\n<li>40 s\u00e4hk\u00f6postilaatikkoa<\/li>\n<li>50 GT\u00a0 levytilaa<\/li>\n<\/ul>\n","protected":false},"featured_media":1140,"comment_status":"open","ping_status":"closed","template":"","meta":[],"product_brand":[],"product_cat":[31],"product_tag":[],"class_list":{"0":"post-752","1":"product","2":"type-product","3":"status-publish","4":"has-post-thumbnail","6":"product_cat-web-hotelli","8":"first","9":"instock","10":"virtual","11":"taxable","12":"purchasable","13":"product-type-simple"},"_links":{"self":[{"href":"https:\/\/ahjo.media\/index.php\/wp-json\/wp\/v2\/product\/752","targetHints":{"allow":["GET"]}}],"collection":[{"href":"https:\/\/ahjo.media\/index.php\/wp-json\/wp\/v2\/product"}],"about":[{"href":"https:\/\/ahjo.media\/index.php\/wp-json\/wp\/v2\/types\/product"}],"replies":[{"embeddable":true,"href":"https:\/\/ahjo.media\/index.php\/wp-json\/wp\/v2\/comments?post=752"}],"wp:featuredmedia":[{"embeddable":true,"href":"https:\/\/ahjo.media\/index.php\/wp-json\/wp\/v2\/media\/1140"}],"wp:attachment":[{"href":"https:\/\/ahjo.media\/index.php\/wp-json\/wp\/v2\/media?parent=752"}],"wp:term":[{"taxonomy":"product_brand","embeddable":true,"href":"https:\/\/ahjo.media\/index.php\/wp-json\/wp\/v2\/product_brand?post=752"},{"taxonomy":"product_cat","embeddable":true,"href":"https:\/\/ahjo.media\/index.php\/wp-json\/wp\/v2\/product_cat?post=752"},{"taxonomy":"product_tag","embeddable":true,"href":"https:\/\/ahjo.media\/index.php\/wp-json\/wp\/v2\/product_tag?post=752"}],"curies":[{"name":"wp","href":"https:\/\/api.w.org\/{rel}","templated":true}]}}