{"id":766,"date":"2023-12-03T15:00:54","date_gmt":"2023-12-03T13:00:54","guid":{"rendered":"https:\/\/ahjo.media\/?post_type=product&#038;p=766"},"modified":"2024-09-06T02:38:23","modified_gmt":"2024-09-06T00:38:23","slug":"logon-suunnittelu","status":"publish","type":"product","link":"https:\/\/ahjo.media\/index.php\/tuote\/logon-suunnittelu\/","title":{"rendered":"Logon suunnittelu"},"content":{"rendered":"<p><strong style=\"font-size: 16px; margin: 0;\">Yritys- tai tuotelogo<\/strong><\/p>\n<div class=\"wc-block-featured-product__description\">\n<hr class=\"wp-block-separator has-text-color has-css-opacity has-background is-style-wide\" \/>\n<ul class=\"has-normal-font-size\">\n<li>sis\u00e4lt\u00e4\u00e4 liikemerkin ja tarvittaessa, kuvallisen tunnuksen ja tunnuslauseen<\/li>\n<li>Kolme luonnoskierrosta<\/li>\n<li>Tutustuminen yritykseenne<\/li>\n<li>Yhteinen palaveri<\/li>\n<li>V\u00e4rillinen versio<\/li>\n<li>Nega versio, eli logo joka toimii tummalla taustalla<\/li>\n<li>Versio tunnuslauseella<\/li>\n<li>Nega versio tunnuslauseella<\/li>\n<li>Graafinen ohjeisto.<\/li>\n<\/ul>\n<p>&nbsp;<\/p>\n<\/div>\n","protected":false},"excerpt":{"rendered":"<p><strong style=\"font-size: 16px; margin: 0;\">Yritys- tai tuotelogo<\/strong><\/p>\n<div class=\"wc-block-featured-product__description\">\n<hr class=\"wp-block-separator has-text-color has-css-opacity has-background is-style-wide\" \/>\n<ul class=\"has-normal-font-size\">\n<li>sis\u00e4lt\u00e4\u00e4 liikemerkin ja tarvittaessa, kuvallisen tunnuksen ja tunnuslauseen<\/li>\n<li>Kolme luonnoskierrosta<\/li>\n<li>Tutustuminen yritykseenne<\/li>\n<li>Yhteinen palaveri<\/li>\n<li>V\u00e4rillinen versio<\/li>\n<li>Nega versio, eli logo joka toimii tummalla taustalla<\/li>\n<li>Versio tunnuslauseella<\/li>\n<li>Nega versio tunnuslauseella<\/li>\n<li>Graafinen ohjeisto.<\/li>\n<\/ul>\n<\/div>\n","protected":false},"featured_media":1139,"comment_status":"open","ping_status":"closed","template":"","meta":[],"product_brand":[],"product_cat":[32],"product_tag":[],"class_list":{"0":"post-766","1":"product","2":"type-product","3":"status-publish","4":"has-post-thumbnail","6":"product_cat-brand","8":"first","9":"instock","10":"virtual","11":"taxable","12":"purchasable","13":"product-type-simple"},"_links":{"self":[{"href":"https:\/\/ahjo.media\/index.php\/wp-json\/wp\/v2\/product\/766","targetHints":{"allow":["GET"]}}],"collection":[{"href":"https:\/\/ahjo.media\/index.php\/wp-json\/wp\/v2\/product"}],"about":[{"href":"https:\/\/ahjo.media\/index.php\/wp-json\/wp\/v2\/types\/product"}],"replies":[{"embeddable":true,"href":"https:\/\/ahjo.media\/index.php\/wp-json\/wp\/v2\/comments?post=766"}],"wp:featuredmedia":[{"embeddable":true,"href":"https:\/\/ahjo.media\/index.php\/wp-json\/wp\/v2\/media\/1139"}],"wp:attachment":[{"href":"https:\/\/ahjo.media\/index.php\/wp-json\/wp\/v2\/media?parent=766"}],"wp:term":[{"taxonomy":"product_brand","embeddable":true,"href":"https:\/\/ahjo.media\/index.php\/wp-json\/wp\/v2\/product_brand?post=766"},{"taxonomy":"product_cat","embeddable":true,"href":"https:\/\/ahjo.media\/index.php\/wp-json\/wp\/v2\/product_cat?post=766"},{"taxonomy":"product_tag","embeddable":true,"href":"https:\/\/ahjo.media\/index.php\/wp-json\/wp\/v2\/product_tag?post=766"}],"curies":[{"name":"wp","href":"https:\/\/api.w.org\/{rel}","templated":true}]}}