{"id":892,"date":"2023-12-04T23:46:34","date_gmt":"2023-12-04T21:46:34","guid":{"rendered":"https:\/\/ahjo.media\/?post_type=product&#038;p=892"},"modified":"2023-12-10T00:54:02","modified_gmt":"2023-12-09T22:54:02","slug":"web-kauppa-moduuli","status":"publish","type":"product","link":"https:\/\/ahjo.media\/index.php\/tuote\/web-kauppa-moduuli\/","title":{"rendered":"Verkkokauppa -moduuli"},"content":{"rendered":"<h2 class=\"wc-block-featured-product__title\"><strong style=\"font-size: 16px;\">Erikseen ostettava moduuli<\/strong><\/h2>\n<div class=\"wc-block-featured-product__description\">\n<hr class=\"wp-block-separator has-text-color has-css-opacity has-background is-style-wide\" \/>\n<ul class=\"has-normal-font-size\">\n<li>toteutetaan Woocommercella<\/li>\n<li>asennus<\/li>\n<li>maksutapojen asennus<\/li>\n<li>Hinta ei sis\u00e4ll\u00e4 maksupalelun kustannuksia<\/li>\n<li>tyylien sivustoon sointuviksi<\/li>\n<li>k\u00e4ytt\u00f6\u00f6notto ja ohjeistus<\/li>\n<li>Tuote on lis\u00e4moduuli WEB hotelliin.<\/li>\n<\/ul>\n<\/div>\n","protected":false},"excerpt":{"rendered":"<h2 class=\"wc-block-featured-product__title\"><strong style=\"font-size: 16px;\">Erikseen ostettava moduuli<\/strong><\/h2>\n<div class=\"wc-block-featured-product__description\">\n<hr class=\"wp-block-separator has-text-color has-css-opacity has-background is-style-wide\" \/>\n<ul class=\"has-normal-font-size\">\n<li>toteutetaan Woocommercella<\/li>\n<li>maksutapojen asennus<\/li>\n<li>hinta ei sis\u00e4ll\u00e4 maksupalelun kustannuksia<\/li>\n<li>asennus<\/li>\n<li>tyylien sivustoon sointuviksi<\/li>\n<li>k\u00e4ytt\u00f6\u00f6notto ja ohjeistus<\/li>\n<li>Tuote on lis\u00e4moduuli WEB hotelliin.<\/li>\n<\/ul>\n<\/div>\n","protected":false},"featured_media":1143,"comment_status":"closed","ping_status":"closed","template":"","meta":[],"product_brand":[],"product_cat":[31],"product_tag":[],"class_list":{"0":"post-892","1":"product","2":"type-product","3":"status-publish","4":"has-post-thumbnail","6":"product_cat-web-hotelli","8":"first","9":"instock","10":"virtual","11":"taxable","12":"purchasable","13":"product-type-simple"},"_links":{"self":[{"href":"https:\/\/ahjo.media\/index.php\/wp-json\/wp\/v2\/product\/892","targetHints":{"allow":["GET"]}}],"collection":[{"href":"https:\/\/ahjo.media\/index.php\/wp-json\/wp\/v2\/product"}],"about":[{"href":"https:\/\/ahjo.media\/index.php\/wp-json\/wp\/v2\/types\/product"}],"replies":[{"embeddable":true,"href":"https:\/\/ahjo.media\/index.php\/wp-json\/wp\/v2\/comments?post=892"}],"wp:featuredmedia":[{"embeddable":true,"href":"https:\/\/ahjo.media\/index.php\/wp-json\/wp\/v2\/media\/1143"}],"wp:attachment":[{"href":"https:\/\/ahjo.media\/index.php\/wp-json\/wp\/v2\/media?parent=892"}],"wp:term":[{"taxonomy":"product_brand","embeddable":true,"href":"https:\/\/ahjo.media\/index.php\/wp-json\/wp\/v2\/product_brand?post=892"},{"taxonomy":"product_cat","embeddable":true,"href":"https:\/\/ahjo.media\/index.php\/wp-json\/wp\/v2\/product_cat?post=892"},{"taxonomy":"product_tag","embeddable":true,"href":"https:\/\/ahjo.media\/index.php\/wp-json\/wp\/v2\/product_tag?post=892"}],"curies":[{"name":"wp","href":"https:\/\/api.w.org\/{rel}","templated":true}]}}